{"id":2,"date":"2007-06-11T16:39:18","date_gmt":"2007-06-11T14:39:18","guid":{"rendered":""},"modified":"2011-10-10T18:20:50","modified_gmt":"2011-10-10T16:20:50","slug":"eine-seite","status":"publish","type":"page","link":"http:\/\/www.heuerseite.de\/inhalt\/?page_id=2","title":{"rendered":"kontakt &#038; impressum"},"content":{"rendered":"<p><span style=\"font-size: large;\">kontakt bitte ausschlie\u00dflich \u00fcber e-mail:<\/span><\/p>\n<p>motte719(at)aol.com<\/p>\n<p>&nbsp;<\/p>\n<p>s\u00e4mtliche texte \/ t\u00f6ne auf dieser seite: stefan heuer<\/p>\n<p>trotz inhaltlicher kontrollen externer links wird keine haftung f\u00fcr deren inhalt oder f\u00fcr sch\u00e4den jeglicher art \u00fcbernommen, die durch nutzung von verlinkten seiten entstehen. f\u00fcr den inhalt der verlinkten seiten sind ausschlie\u00dflich deren betreiber verantwortlich.<\/p>\n<p>&nbsp;<\/p>\n","protected":false},"excerpt":{"rendered":"<p>kontakt bitte ausschlie\u00dflich \u00fcber e-mail: motte719(at)aol.com &nbsp; s\u00e4mtliche texte \/ t\u00f6ne auf dieser seite: stefan heuer trotz inhaltlicher kontrollen externer links wird keine haftung f\u00fcr deren inhalt oder f\u00fcr sch\u00e4den jeglicher art \u00fcbernommen, die durch nutzung von verlinkten seiten entstehen. f\u00fcr den inhalt der verlinkten seiten sind ausschlie\u00dflich deren betreiber verantwortlich. &nbsp;<\/p>\n","protected":false},"author":4,"featured_media":0,"parent":0,"menu_order":6,"comment_status":"open","ping_status":"open","template":"","meta":[],"_links":{"self":[{"href":"http:\/\/www.heuerseite.de\/inhalt\/index.php?rest_route=\/wp\/v2\/pages\/2"}],"collection":[{"href":"http:\/\/www.heuerseite.de\/inhalt\/index.php?rest_route=\/wp\/v2\/pages"}],"about":[{"href":"http:\/\/www.heuerseite.de\/inhalt\/index.php?rest_route=\/wp\/v2\/types\/page"}],"author":[{"embeddable":true,"href":"http:\/\/www.heuerseite.de\/inhalt\/index.php?rest_route=\/wp\/v2\/users\/4"}],"replies":[{"embeddable":true,"href":"http:\/\/www.heuerseite.de\/inhalt\/index.php?rest_route=%2Fwp%2Fv2%2Fcomments&post=2"}],"version-history":[{"count":5,"href":"http:\/\/www.heuerseite.de\/inhalt\/index.php?rest_route=\/wp\/v2\/pages\/2\/revisions"}],"predecessor-version":[{"id":438,"href":"http:\/\/www.heuerseite.de\/inhalt\/index.php?rest_route=\/wp\/v2\/pages\/2\/revisions\/438"}],"wp:attachment":[{"href":"http:\/\/www.heuerseite.de\/inhalt\/index.php?rest_route=%2Fwp%2Fv2%2Fmedia&parent=2"}],"curies":[{"name":"wp","href":"https:\/\/api.w.org\/{rel}","templated":true}]}}