{"id":295,"date":"2011-02-05T18:36:02","date_gmt":"2011-02-05T16:36:02","guid":{"rendered":"http:\/\/www.heuerseite.de\/inhalt\/?page_id=295"},"modified":"2022-01-16T10:34:41","modified_gmt":"2022-01-16T08:34:41","slug":"kreative-freunde","status":"publish","type":"page","link":"http:\/\/www.heuerseite.de\/inhalt\/?page_id=295","title":{"rendered":"kreative freunde \/ soziale projekte"},"content":{"rendered":"<p><a href=\"http:\/\/www.andrea-dubois.de\/\"><strong>andrea du bois<\/strong><\/a> (contact-improvisationen &#8211; in gr\u00f6\u00dftm\u00f6glicher entfernung zum <em>in-the-army-now<\/em>-blues der konfimations-tanzstunde &#8211; und tanztherapie)<\/p>\n<p><a href=\"http:\/\/www.angieandfriends-streunerhilfe.de\"><strong>angie &amp; friends &#8211; streunerhilfe<\/strong><\/a> (in celle ans\u00e4ssiger tierschutzverein mit hauptaugenmerk auf den schutz und die betreuung verwilderter, freilebender katzen, deren aufnahme und pflege und anschlie\u00dfende vermittlung an interessierte &#8211; hier sind spenden ebenso notwendig wie willkommen!)<\/p>\n<p><a href=\"http:\/\/annegrabow.blogspot.com\/\"><strong>anne grabow \/ ted minsky<\/strong><\/a> (madame le ted, die beim label von angelika koehlermann ihre erste cd vorgelegt hat und hoffentlich bald nachlegt, w\u00e4re jedenfalls mal zeit; zudem: mode, malerei, sch\u00f6ne fotos, masken \u2013 immer einen besuch wert!)<\/p>\n<p><a href=\"http:\/\/www.christoph-leisten.de\"><strong>christoph leisten<\/strong><\/a> (lyrik, prosa, essays und rezensionen von qualit\u00e4t)<\/p>\n<p><a href=\"https:\/\/www.flenter.de\/\"><strong>kersten flenter<\/strong><\/a> (text &amp; stimme, schauspiel &amp; rezitation, workshops &amp; textdienstleistungen &#8211; und das alles von einem wunderbar sympathischen menschen)<\/p>\n<p><strong><a title=\"homepage lesefutter\" href=\"http:\/\/www.lesefutter.org\">lesefutter<\/a><\/strong> (literatur auf br\u00f6tchent\u00fcten &#8211; interessant f\u00fcr die autoren, aber auch f\u00fcr firmen!)<\/p>\n<p><a href=\"http:\/\/www.mathias-lueck.de\/\"><strong>mathias l\u00fcck<\/strong><\/a> (kinderliedermacher aus burgdorf\/hannover mit verschiedenen programmen, zudem gitarrist und s\u00e4nger von &#8222;gl\u00fccksgriff&#8220;)<\/p>\n<p><a href=\"http:\/\/www.toonpool.com\/gallery.php?user=293\"><strong>matthias stehr<\/strong><\/a> (karikaturen zu aktuellen themen, auch formidabler schnellzeichner zwischen zwei g\u00e4ngen auf hochzeitsfeiern; zudem haus- und hoffotograf der hannoverschen slma-szene)<\/p>\n<p><strong><a href=\"http:\/\/www.musikhaus-burgdorf.de\">musikhaus burgdorf<\/a><\/strong> (markus und roland kennen sich aus, haben vieles da und k\u00f6nnen alles besorgen)<\/p>\n<p><strong><a title=\"kino schauburg\" href=\"http:\/\/www.neueschauburg.de\">neue schauburg<\/a><\/strong> (burgdorfer traditions-kino mit charme &#8211;\u00a0neue technik, immer die neuesten filme)<strong><br \/>\n<\/strong><\/p>\n<p><a href=\"http:\/\/www.plan-deutschland.de\"><strong>plan international e.v.<\/strong><\/a> (internationale kinderhilfsorganisation, die in entwicklungsl\u00e4ndern in afrika, asien und lateinamerika arbeitet und sich f\u00fcr kinderrechte stark macht. kinder stehen im mittelpunkt der programmarbeit, die in erster linie \u00fcber patenschaften finanziert wird, mit dem ziel, die m\u00e4dchen und jungen zu st\u00e4rken und ihr lebensumfeld langfristig zu verbessern)<\/p>\n<p><a href=\"http:\/\/ralfboettcher.com\/\"><strong>ralf b\u00f6ttcher <\/strong><\/a>(freiberuflicher fotograf und mediengestalter mit teils spektakul\u00e4ren produktionen)<\/p>\n<p><a href=\"http:\/\/www.tiefblau-musik.de\"><strong>tiefblau<\/strong><\/a> (deutschsprachiger soul-pop aus hannover in gro\u00dfer besetzung mit augenmerk auf gute texte, &#8230; und das sage ich g\u00e4nzlich unbescheiden, hehe)<\/p>\n<p><a href=\"http:\/\/www.tsv-suedkreta.de\/\"><strong>tierschutzverein s\u00fcdkreta e.v.<\/strong><\/a> (verein, der sich der versorgung notleidender hunde und katzen verschrieben hat, weitere gebiete sind die aufkl\u00e4rung vor ort sowie die vermittlung von flugpatenschaften, bei denen man beim r\u00fcckflug aus s\u00fcdlichen urlaubsl\u00e4ndern bereits in deutschland vermittelte tiere &#8222;begleitet&#8220; &#8211; absolut unterst\u00fctzendswert!)<\/p>\n<p>&lt;&lt;- <a href=\"http:\/\/www.heuerseite.de\/inhalt\/?page_id=3\">zur\u00fcck<\/a><\/p>\n","protected":false},"excerpt":{"rendered":"<p>andrea du bois (contact-improvisationen &#8211; in gr\u00f6\u00dftm\u00f6glicher entfernung zum in-the-army-now-blues der konfimations-tanzstunde &#8211; und tanztherapie) angie &amp; friends &#8211; streunerhilfe (in celle ans\u00e4ssiger tierschutzverein mit hauptaugenmerk auf den schutz und die betreuung verwilderter, freilebender katzen, deren aufnahme und pflege und anschlie\u00dfende vermittlung an interessierte &#8211; hier sind spenden ebenso notwendig wie willkommen!) anne grabow \/ [&hellip;]<\/p>\n","protected":false},"author":3,"featured_media":0,"parent":0,"menu_order":0,"comment_status":"open","ping_status":"open","template":"","meta":[],"_links":{"self":[{"href":"http:\/\/www.heuerseite.de\/inhalt\/index.php?rest_route=\/wp\/v2\/pages\/295"}],"collection":[{"href":"http:\/\/www.heuerseite.de\/inhalt\/index.php?rest_route=\/wp\/v2\/pages"}],"about":[{"href":"http:\/\/www.heuerseite.de\/inhalt\/index.php?rest_route=\/wp\/v2\/types\/page"}],"author":[{"embeddable":true,"href":"http:\/\/www.heuerseite.de\/inhalt\/index.php?rest_route=\/wp\/v2\/users\/3"}],"replies":[{"embeddable":true,"href":"http:\/\/www.heuerseite.de\/inhalt\/index.php?rest_route=%2Fwp%2Fv2%2Fcomments&post=295"}],"version-history":[{"count":52,"href":"http:\/\/www.heuerseite.de\/inhalt\/index.php?rest_route=\/wp\/v2\/pages\/295\/revisions"}],"predecessor-version":[{"id":965,"href":"http:\/\/www.heuerseite.de\/inhalt\/index.php?rest_route=\/wp\/v2\/pages\/295\/revisions\/965"}],"wp:attachment":[{"href":"http:\/\/www.heuerseite.de\/inhalt\/index.php?rest_route=%2Fwp%2Fv2%2Fmedia&parent=295"}],"curies":[{"name":"wp","href":"https:\/\/api.w.org\/{rel}","templated":true}]}}