{"id":298,"date":"2011-02-05T18:29:54","date_gmt":"2011-02-05T16:29:54","guid":{"rendered":"http:\/\/www.heuerseite.de\/inhalt\/?page_id=298"},"modified":"2022-01-16T10:33:23","modified_gmt":"2022-01-16T08:33:23","slug":"literatur-kunstforen","status":"publish","type":"page","link":"http:\/\/www.heuerseite.de\/inhalt\/?page_id=298","title":{"rendered":"literatur-\/kunstforen"},"content":{"rendered":"<p><strong><a href=\"http:\/\/www.langeleine.de\/\">langeleine<\/a> <\/strong>(DAS online-journal f\u00fcr hannover und region; schreibt \u00fcber andere und l\u00e4dt selbst regelm\u00e4\u00dfig zu verschiedensten veranstaltungen)<\/p>\n<p><strong><a href=\"http:\/\/www.poetenladen.de\">poetenladen<\/a> <\/strong>(frische texte, fundierte kritiken, umfangreiche autoren-portr\u00e4ts, online plus verlag mit wundersch\u00f6nen b\u00fcchern und eigener literaturzeitschrift &#8222;poet&#8220;)<\/p>\n<p><strong><a href=\"http:\/\/www.satt.org\/neu.html\">satt.org<\/a> <\/strong>(online-feuilleton, offen f\u00fcr alle k\u00fcnstlerischen bereiche, heimat der SuKuLTuR-Lesehefte)<\/p>\n<p><strong><a title=\"homepage titel-magazin\" href=\"http:\/\/www.titel-kulturmagazin.net\">titel-kulturmagazin<\/a> <\/strong>(kulturmagazin mit regelm\u00e4\u00dfigen neuigkeiten aus literatur, musik und film, und das seit vielen, vielen jahren)<\/p>\n<p>&lt;&lt;- <a href=\"http:\/\/www.heuerseite.de\/inhalt\/?page_id=3\">zur\u00fcck<\/a><\/p>\n","protected":false},"excerpt":{"rendered":"<p>langeleine (DAS online-journal f\u00fcr hannover und region; schreibt \u00fcber andere und l\u00e4dt selbst regelm\u00e4\u00dfig zu verschiedensten veranstaltungen) poetenladen (frische texte, fundierte kritiken, umfangreiche autoren-portr\u00e4ts, online plus verlag mit wundersch\u00f6nen b\u00fcchern und eigener literaturzeitschrift &#8222;poet&#8220;) satt.org (online-feuilleton, offen f\u00fcr alle k\u00fcnstlerischen bereiche, heimat der SuKuLTuR-Lesehefte) titel-kulturmagazin (kulturmagazin mit regelm\u00e4\u00dfigen neuigkeiten aus literatur, musik und film, und [&hellip;]<\/p>\n","protected":false},"author":3,"featured_media":0,"parent":0,"menu_order":0,"comment_status":"open","ping_status":"open","template":"","meta":[],"_links":{"self":[{"href":"http:\/\/www.heuerseite.de\/inhalt\/index.php?rest_route=\/wp\/v2\/pages\/298"}],"collection":[{"href":"http:\/\/www.heuerseite.de\/inhalt\/index.php?rest_route=\/wp\/v2\/pages"}],"about":[{"href":"http:\/\/www.heuerseite.de\/inhalt\/index.php?rest_route=\/wp\/v2\/types\/page"}],"author":[{"embeddable":true,"href":"http:\/\/www.heuerseite.de\/inhalt\/index.php?rest_route=\/wp\/v2\/users\/3"}],"replies":[{"embeddable":true,"href":"http:\/\/www.heuerseite.de\/inhalt\/index.php?rest_route=%2Fwp%2Fv2%2Fcomments&post=298"}],"version-history":[{"count":33,"href":"http:\/\/www.heuerseite.de\/inhalt\/index.php?rest_route=\/wp\/v2\/pages\/298\/revisions"}],"predecessor-version":[{"id":964,"href":"http:\/\/www.heuerseite.de\/inhalt\/index.php?rest_route=\/wp\/v2\/pages\/298\/revisions\/964"}],"wp:attachment":[{"href":"http:\/\/www.heuerseite.de\/inhalt\/index.php?rest_route=%2Fwp%2Fv2%2Fmedia&parent=298"}],"curies":[{"name":"wp","href":"https:\/\/api.w.org\/{rel}","templated":true}]}}