{"id":3,"date":"2007-06-11T18:53:15","date_gmt":"2007-06-11T16:53:15","guid":{"rendered":"http:\/\/www.heuerseite.de\/inhalt\/?page_id=3"},"modified":"2022-01-16T10:46:31","modified_gmt":"2022-01-16T08:46:31","slug":"links","status":"publish","type":"page","link":"http:\/\/www.heuerseite.de\/inhalt\/?page_id=3","title":{"rendered":"links"},"content":{"rendered":"<h1><img decoding=\"async\" title=\"swine_links.gif\" src=\"http:\/\/www.heuerseite.de\/inhalt\/wp-content\/uploads\/2007\/11\/swine_links.gif\" alt=\"swine_links.gif\" align=\"left\" \/><\/h1>\n<p>eine linkliste zur freundlichen beachtung, und ja, ich wei\u00df: nat\u00fcrlich kann diese liste niemals vollst\u00e4ndig sein, und bewusst habe ich darauf verzichtet, hunderte von zeitschriften und verlagen herauszusuchen und mich auf einige beschr\u00e4nkt, die vom feuilleton sonst gerne mal vergessen werden. und ja, auch bei den kreativen freunden ist es noch \u00fcbersichtlich, aber hier, in aller gebotenen k\u00fcrze, nach bestem wissen und gewissen, eine pers\u00f6nliche auswahl: und wenn du meinst, du geh\u00f6rst auch verlinkt, dann meld dich.<\/p>\n<h2><a href=\"http:\/\/www.heuerseite.de\/inhalt\/?page_id=298\"><strong><span style=\"font-size: medium;\">literatur-\/kunstforen<\/span><\/strong><\/a><\/h2>\n<h2><strong><span style=\"font-size: medium;\"><a href=\"http:\/\/www.heuerseite.de\/inhalt\/?page_id=300\">literaturzeitschriften<\/a><br \/>\n<\/span><\/strong><\/h2>\n<h2><strong><a href=\"http:\/\/www.heuerseite.de\/inhalt\/?page_id=302\"><span style=\"font-size: medium;\">empfehlenswerte verlage und musiklabel<\/span><\/a><\/strong><\/h2>\n<h2><a href=\"http:\/\/www.heuerseite.de\/inhalt\/?page_id=295\"><strong><span style=\"font-size: medium;\">kreative freunde \/ soziale projekte<br \/>\n<\/span><\/strong><\/a><\/h2>\n","protected":false},"excerpt":{"rendered":"<p>eine linkliste zur freundlichen beachtung, und ja, ich wei\u00df: nat\u00fcrlich kann diese liste niemals vollst\u00e4ndig sein, und bewusst habe ich darauf verzichtet, hunderte von zeitschriften und verlagen herauszusuchen und mich auf einige beschr\u00e4nkt, die vom feuilleton sonst gerne mal vergessen werden. und ja, auch bei den kreativen freunden ist es noch \u00fcbersichtlich, aber hier, in [&hellip;]<\/p>\n","protected":false},"author":4,"featured_media":0,"parent":0,"menu_order":5,"comment_status":"open","ping_status":"open","template":"","meta":[],"_links":{"self":[{"href":"http:\/\/www.heuerseite.de\/inhalt\/index.php?rest_route=\/wp\/v2\/pages\/3"}],"collection":[{"href":"http:\/\/www.heuerseite.de\/inhalt\/index.php?rest_route=\/wp\/v2\/pages"}],"about":[{"href":"http:\/\/www.heuerseite.de\/inhalt\/index.php?rest_route=\/wp\/v2\/types\/page"}],"author":[{"embeddable":true,"href":"http:\/\/www.heuerseite.de\/inhalt\/index.php?rest_route=\/wp\/v2\/users\/4"}],"replies":[{"embeddable":true,"href":"http:\/\/www.heuerseite.de\/inhalt\/index.php?rest_route=%2Fwp%2Fv2%2Fcomments&post=3"}],"version-history":[{"count":27,"href":"http:\/\/www.heuerseite.de\/inhalt\/index.php?rest_route=\/wp\/v2\/pages\/3\/revisions"}],"predecessor-version":[{"id":972,"href":"http:\/\/www.heuerseite.de\/inhalt\/index.php?rest_route=\/wp\/v2\/pages\/3\/revisions\/972"}],"wp:attachment":[{"href":"http:\/\/www.heuerseite.de\/inhalt\/index.php?rest_route=%2Fwp%2Fv2%2Fmedia&parent=3"}],"curies":[{"name":"wp","href":"https:\/\/api.w.org\/{rel}","templated":true}]}}