{"id":302,"date":"2011-02-05T18:31:59","date_gmt":"2011-02-05T16:31:59","guid":{"rendered":"http:\/\/www.heuerseite.de\/inhalt\/?page_id=302"},"modified":"2026-04-14T19:48:55","modified_gmt":"2026-04-14T17:48:55","slug":"empfehlenswerte-verlage","status":"publish","type":"page","link":"http:\/\/www.heuerseite.de\/inhalt\/?page_id=302","title":{"rendered":"empfehlenswerte verlage und musiklabel"},"content":{"rendered":"<p><a href=\"http:\/\/www.edition-elf.de\/\"><strong>edition elf<\/strong><\/a> (burgdorfer verlag f\u00fcr die kleinen formen der literatur &#8211; lyrik, kurzprosa, originalgraphik, zudem deutschlands umfangreichstes sonett-archiv!)<\/p>\n<p><strong><a href=\"http:\/\/www.edition-schwarzdruck.de\/\">edition schwarzdruck<\/a><\/strong> (sch\u00f6ngeistige literatur und kritisch-pessimistische hilfestellungen zum zeitgeschehen in form von b\u00fcchern, einblattdrucken, kalendern und postkarten)<\/p>\n<p><strong><a href=\"https:\/\/elifverlag.de\/\">elif verla<\/a>g<\/strong> (lyrik, themen-anthologien und die eine oder andere prosa, u.a. mein roman &#8222;Katzen im Sack&#8220;: antesten!!)<\/p>\n<p><strong><a href=\"https:\/\/www.groenland.com\/\">gr\u00f6nland records<\/a><\/strong> (sympathisches musiklabel mit NEU!\/michael rother, DAF\/robert g\u00f6rl, holger czukay u.v.a.)<\/p>\n<p><a href=\"http:\/\/www.haymonverlag.at\"><strong>haymon-verlag<\/strong><\/a> (jetzt nicht gerade klein und unbekannt, aber mit einem auff\u00e4llig stimmigen krimi-programm gesegnet&#8230; wer gerne krimis liest: anklicken!)<\/p>\n<p><a href=\"https:\/\/verlagshaus-berlin.de\/\"><strong>verlagshaus berlin<\/strong><\/a> (berliner lyrik-verlag mit hochwertigen einzeltiteln, anthologien und sonderdrucken)<\/p>\n<p><a href=\"http:\/\/www.allitera.de\/books.php?action=profil&amp;pubhouse=Lyrikedition+2000\"><strong>lyrikedition 2000<\/strong><\/a> (lyrikreihe des m\u00fcnchner allitera verlags &#8211; neben der neuauflage ausgew\u00e4hlter b\u00e4nde des 20. jahrhunderts liegt der schwerpunkt auf der ver\u00f6ffentlichung junger stimmen der zeit)<\/p>\n<p><a href=\"http:\/\/www.maroverlag.de\"><strong>maro verlag<\/strong><\/a> (die tollen b\u00fccher aus augsburg &#8211; auch nicht g\u00e4nzlich unbekannt, aber eben noch immer einer der besten; bukowski, carver und sorrentino lassen gr\u00fc\u00dfen!)<\/p>\n<p><strong><a href=\"http:\/\/www.molokoplusrecords.de\/\">moloko plus<\/a><\/strong> (musiklabel und verlag mit ausgesuchtem untergrund; deutsch und international)<\/p>\n<p><a href=\"http:\/\/orteverlag.ch\"><strong>orte verlag<\/strong><\/a> (schweizer verlag mit hervorragender lyrikreihe und eigener literaturzeitschrift)<\/p>\n<p><a href=\"http:\/\/parasitenpresse.kulturserver-nrw.de\/\"><strong>parasitenpresse<\/strong><\/a> (die parasitenpresse aus k\u00f6ln ist ein kleiner literatur-verlag mit neuer deutschsprachiger lyrik sowie ausgew\u00e4hlten erz\u00e4hlungen, theaterst\u00fccken und fremdsprachiger literatur)<\/p>\n<p><strong><a href=\"http:\/\/www.redfoxpress.com\/\">redfoxpress<\/a> <\/strong>(in irland beheimateter kleinverlag mit handgebundenen, nummerierten collagen- und graphikb\u00fcchern in wundersch\u00f6ner aufmachung)<\/p>\n<p><strong><a title=\"verlag reinecke und vo\u00df\" href=\"http:\/\/reinecke-voss.de\">reinecke &amp; vo\u00df<\/a><\/strong> (junger und kleiner verlag mit schwerpunkt auf der geschichte der europ\u00e4ischen moderne und j\u00fcngsten literarischen entwicklungen)<\/p>\n<p><a href=\"http:\/\/www.sonnenberg-presse.de\/\"><strong>sonnenberg-presse<\/strong><\/a> (herausgeber(innen)-kollektiv mit gesp\u00fcr f\u00fcr sch\u00f6nes, papiere und drucke&#8230;)<\/p>\n<p><a href=\"http:\/\/www.stadtlichterpresse.de\"><strong>stadtlichter-presse<\/strong><\/a> (auf autoren der beat-generation spezialisierter kleinverlag, coole reihe &#8222;heartbeat&#8220;: ferlinghetti, snyder, whalen, corso, brautigan etc.)<\/p>\n<p><a href=\"http:\/\/www.verbrecherei.de\/\"><strong>verbrecher<\/strong><\/a> (kritische schriften, sonderbare prosa, gedichte und mehr &#8211; ambros waibel trifft kolja mensing trifft marc degens trifft peter o. chotjewitz)<\/p>\n<p><a href=\"http:\/\/www.verlag-ralf-liebe.de\/\"><strong>verlag ralf liebe<\/strong><\/a> (ehemals &#8222;landpresse&#8220;, sympathischer kleinverlag mit buntem programm; hier erscheint u.a. die bereits auf zehn ausgaben angewachsene reihe der von axel kutsch herausgegebenen &#8222;versnetze&#8220;-anthologien)<\/p>\n<p>&lt;&lt;- <a href=\"http:\/\/www.heuerseite.de\/inhalt\/?page_id=3\">zur\u00fcck<\/a><\/p>\n","protected":false},"excerpt":{"rendered":"<p>edition elf (burgdorfer verlag f\u00fcr die kleinen formen der literatur &#8211; lyrik, kurzprosa, originalgraphik, zudem deutschlands umfangreichstes sonett-archiv!) edition schwarzdruck (sch\u00f6ngeistige literatur und kritisch-pessimistische hilfestellungen zum zeitgeschehen in form von b\u00fcchern, einblattdrucken, kalendern und postkarten) elif verlag (lyrik, themen-anthologien und die eine oder andere prosa, u.a. mein roman &#8222;Katzen im Sack&#8220;: antesten!!) gr\u00f6nland records (sympathisches [&hellip;]<\/p>\n","protected":false},"author":3,"featured_media":0,"parent":0,"menu_order":0,"comment_status":"open","ping_status":"open","template":"","meta":[],"_links":{"self":[{"href":"http:\/\/www.heuerseite.de\/inhalt\/index.php?rest_route=\/wp\/v2\/pages\/302"}],"collection":[{"href":"http:\/\/www.heuerseite.de\/inhalt\/index.php?rest_route=\/wp\/v2\/pages"}],"about":[{"href":"http:\/\/www.heuerseite.de\/inhalt\/index.php?rest_route=\/wp\/v2\/types\/page"}],"author":[{"embeddable":true,"href":"http:\/\/www.heuerseite.de\/inhalt\/index.php?rest_route=\/wp\/v2\/users\/3"}],"replies":[{"embeddable":true,"href":"http:\/\/www.heuerseite.de\/inhalt\/index.php?rest_route=%2Fwp%2Fv2%2Fcomments&post=302"}],"version-history":[{"count":48,"href":"http:\/\/www.heuerseite.de\/inhalt\/index.php?rest_route=\/wp\/v2\/pages\/302\/revisions"}],"predecessor-version":[{"id":1117,"href":"http:\/\/www.heuerseite.de\/inhalt\/index.php?rest_route=\/wp\/v2\/pages\/302\/revisions\/1117"}],"wp:attachment":[{"href":"http:\/\/www.heuerseite.de\/inhalt\/index.php?rest_route=%2Fwp%2Fv2%2Fmedia&parent=302"}],"curies":[{"name":"wp","href":"https:\/\/api.w.org\/{rel}","templated":true}]}}